{"id":1779,"date":"2024-02-18T09:47:45","date_gmt":"2024-02-18T09:47:45","guid":{"rendered":"https:\/\/demo.bravisthemes.com\/breeza\/?page_id=1779"},"modified":"2024-11-18T15:17:06","modified_gmt":"2024-11-18T12:17:06","slug":"about-us","status":"publish","type":"page","link":"https:\/\/sayglobal.com.tr\/en\/about-us\/","title":{"rendered":"About Us"},"content":{"rendered":"<div data-elementor-type=\"wp-page\" data-elementor-id=\"1779\" class=\"elementor elementor-1779\" data-elementor-post-type=\"page\">\n\t\t\t\t        <section class=\"elementor-section elementor-top-section elementor-element elementor-element-262c482 elementor-section-stretched elementor-section-boxed elementor-section-height-default elementor-section-height-default pxl-row-scroll-none pxl-bg-color-none pxl-section-overlay-none pxl-column-overflow-hidden-no\" data-id=\"262c482\" data-element_type=\"section\" data-settings=\"{&quot;stretch_section&quot;:&quot;section-stretched&quot;}\">\n\n                \n        <div class=\"pxl-section-effect-images\"><img decoding=\"async\" data-parallax-value=\"\" data-parallax=\"[]\" class=\"pxl-item--image elementor-repeater-item-3344f29   pxl-hide-sr-md pxl-hide-sr-sm\" src=\"https:\/\/sayglobal.com.tr\/wp-content\/uploads\/2024\/02\/Obj.webp\" \/><\/div>        <div class=\"elementor-container elementor-column-gap-extended\">\n                <div class=\"elementor-column elementor-col-50 elementor-top-column elementor-element elementor-element-a206b23 elementor-hidden-mobile pxl-column-none pxl-section-offset-none pxl-particle-background-none\" data-id=\"a206b23\" data-element_type=\"column\">\r\n        <div class=\"elementor-widget-wrap elementor-element-populated\">\r\n                     \r\n                <section class=\"elementor-section elementor-inner-section elementor-element elementor-element-b9e8c58 elementor-section-boxed elementor-section-height-default elementor-section-height-default pxl-row-scroll-none pxl-bg-color-none pxl-section-overlay-none pxl-column-overflow-hidden-no\" data-id=\"b9e8c58\" data-element_type=\"section\">\n\n                \n                <div class=\"elementor-container elementor-column-gap-extended\">\n                <div class=\"elementor-column elementor-col-50 elementor-inner-column elementor-element elementor-element-fc84d25 pxl-column-none pxl-section-offset-none pxl-particle-background-none\" data-id=\"fc84d25\" data-element_type=\"column\">\r\n        <div class=\"elementor-widget-wrap elementor-element-populated\">\r\n                     \r\n        \t\t<div class=\"elementor-element elementor-element-5573d2f elementor-widget elementor-widget-pxl_video_player\" data-id=\"5573d2f\" data-element_type=\"widget\" data-widget_type=\"pxl_video_player.default\">\n\t\t\t\t<div class=\"elementor-widget-container\">\n\t\t\t<div class=\"pxl-video-player pxl-video-player1 pxl-video-style2\"  data-wow-delay=\"ms\">\r\n    <div class=\"pxl-video--inner\">\r\n                                \r\n            <div class=\"pxl-video--holder\" >\r\n                                    <img fetchpriority=\"high\" decoding=\"async\" width=\"318\" height=\"411\" src=\"https:\/\/sayglobal.com.tr\/wp-content\/uploads\/2024\/02\/Rectangle-6.jpg\" class=\"attachment-full\" alt=\"\" loading=\"eager\" \/>                            <\/div>\r\n                <\/div>\r\n<\/div>\t\t<\/div>\n\t\t\t\t<\/div>\n\t\t            <\/div>\r\n        <\/div>\r\n                <div class=\"elementor-column elementor-col-50 elementor-inner-column elementor-element elementor-element-8a5cc27 pxl-column-none pxl-section-offset-none pxl-particle-background-none\" data-id=\"8a5cc27\" data-element_type=\"column\">\r\n        <div class=\"elementor-widget-wrap elementor-element-populated\">\r\n                     \r\n        \t\t<div class=\"elementor-element elementor-element-d67246d elementor-widget elementor-widget-pxl_image\" data-id=\"d67246d\" data-element_type=\"widget\" data-widget_type=\"pxl_image.default\">\n\t\t\t\t<div class=\"elementor-widget-container\">\n\t\t\t<div id=\"pxl_image-d67246d-8374\" class=\"pxl-image-single  style-default\" data-wow-delay=\"ms\" >\r\n    <div class=\"pxl-item--inner\" data-wow-delay=\"120ms\">\r\n        \r\n                                <div class=\"pxl-item--image\">\r\n                                                    <img decoding=\"async\" width=\"256\" height=\"278\" src=\"https:\/\/sayglobal.com.tr\/wp-content\/uploads\/2024\/02\/Rectangle-4.jpg\" class=\"no-lazyload attachment-full\" alt=\"\" loading=\"eager\" \/>                                            <\/div>\r\n                            \r\n            <\/div>\r\n<\/div>\t\t<\/div>\n\t\t\t\t<\/div>\n\t\t\t\t<div class=\"elementor-element elementor-element-dc587f9 elementor-widget-tablet_extra__width-initial elementor-widget elementor-widget-pxl_image_box\" data-id=\"dc587f9\" data-element_type=\"widget\" data-widget_type=\"pxl_image_box.default\">\n\t\t\t\t<div class=\"elementor-widget-container\">\n\t\t\t<div class=\"pxl-image-box pxl-image-box1  style-1\" data-wow-delay=\"ms\">\r\n    <div class=\"pxl-item--inner\">\r\n        \r\n                            <div class=\"pxl-item--image\">\r\n                    <img decoding=\"async\" width=\"916\" height=\"916\" src=\"https:\/\/sayglobal.com.tr\/wp-content\/uploads\/2024\/03\/hom4-process2.webp\" class=\"attachment-full\" alt=\"\" loading=\"eager\" \/>                <\/div>\r\n            \r\n            \r\n                <div class=\"pxl-item--holder\">\r\n                <h5 class=\"pxl-item--title el-empty\">Annual Experience<\/h5>\r\n            <div class=\"pxl-item--sub-title\">25<\/div>\r\n        <\/div>\r\n        \r\n        \r\n    <\/div>\r\n<\/div>\t\t<\/div>\n\t\t\t\t<\/div>\n\t\t            <\/div>\r\n        <\/div>\r\n        \t\t\t<\/div>\n\t\t<\/section>\n\t\t            <\/div>\r\n        <\/div>\r\n                <div class=\"elementor-column elementor-col-50 elementor-top-column elementor-element elementor-element-ed045e1 pxl-column-none pxl-section-offset-none pxl-particle-background-none\" data-id=\"ed045e1\" data-element_type=\"column\">\r\n        <div class=\"elementor-widget-wrap elementor-element-populated\">\r\n                     \r\n        \t\t<div class=\"elementor-element elementor-element-89e6a5b elementor-widget elementor-widget-pxl_heading\" data-id=\"89e6a5b\" data-element_type=\"widget\" data-widget_type=\"pxl_heading.default\">\n\t\t\t\t<div class=\"elementor-widget-container\">\n\t\t\t\n<div id=\"pxl-pxl_heading-89e6a5b-6987\" class=\"pxl-heading px-sub-title-default-style\">\n\t<div class=\"pxl-heading--inner\">\n\t\t\n\t\t<h3 class=\"pxl-item--title divider-none\" data-wow-delay=\"ms\">\n\t\t\t\t\t             <span class=\"pxl-title--line\">\n                <span class=\"pxl-item--text active\">About Us<\/span><span class=\"pxl-item--after\"><\/span>            <\/span>\n         \t\n\t\t\t\n\t\t<\/h3>\n\n\t<\/div>\n<\/div>\t\t<\/div>\n\t\t\t\t<\/div>\n\t\t\t\t<div class=\"elementor-element elementor-element-f7fb69a elementor-widget elementor-widget-pxl_text_editor\" data-id=\"f7fb69a\" data-element_type=\"widget\" data-widget_type=\"pxl_text_editor.default\">\n\t\t\t\t<div class=\"elementor-widget-container\">\n\t\t\t<div class=\"pxl-text-editor\">\n\t<div class=\"pxl-item--inner\" data-wow-delay=\"ms\">\n\t\t<p>Say Global Supply Co.\nWith over 25 years of industry expertise and advanced supply chain management solutions, Say Global Supply Co. offers innovative sourcing and localization solutions to its clients. Leveraging a network of manufacturers with superior technological infrastructure, we provide high-quality, cost-efficient production for existing designs and offer engineering services for new technologies in full compliance with international trade regulations.<\/p><p>Say Global upholds the highest standards of confidentiality, protecting customer information through Non-Disclosure Agreements (NDAs). As a trusted partner in supply chain management, we are committed to supporting businesses in achieving efficiency and sustainability in the global market.<\/p>\t\t\n\t<\/div>\n<\/div>\t\t<\/div>\n\t\t\t\t<\/div>\n\t\t            <\/div>\r\n        <\/div>\r\n        \t\t\t<\/div>\n\t\t<\/section>\n\t\t\t\t<\/div>","protected":false},"excerpt":{"rendered":"<p>Y\u0131ll\u0131k Tecr\u00fcbe 25 Hakk\u0131m\u0131zda 25 y\u0131l\u0131 a\u015fk\u0131n sekt\u00f6r tecr\u00fcbesi ve geli\u015fmi\u015f tedarik zinciri y\u00f6netimi \u00e7\u00f6z\u00fcmleriyle, Say Global Supply Co., m\u00fc\u015fterilerine yenilik\u00e7i kaynak bulma ve lokalizasyon \u00e7\u00f6z\u00fcmleri sunmaktad\u0131r. G\u00fc\u00e7l\u00fc teknolojik altyap\u0131ya sahip \u00fcretim a\u011f\u0131m\u0131z sayesinde, m\u00fc\u015fterilerimizin mevcut tasar\u0131mlar\u0131nda y\u00fcksek kalite ve maliyet avantaj\u0131 sa\u011fl\u0131yor; ayr\u0131ca yeni teknolojilerin m\u00fchendislik hizmetlerini uluslararas\u0131 ticaret yasalar\u0131 \u00e7er\u00e7evesinde titizlikle y\u00fcr\u00fct\u00fcyoruz. Say [&hellip;]<\/p>","protected":false},"author":1,"featured_media":0,"parent":0,"menu_order":0,"comment_status":"closed","ping_status":"closed","template":"","meta":{"footnotes":""},"class_list":["post-1779","page","type-page","status-publish","hentry"],"_links":{"self":[{"href":"https:\/\/sayglobal.com.tr\/en\/wp-json\/wp\/v2\/pages\/1779","targetHints":{"allow":["GET"]}}],"collection":[{"href":"https:\/\/sayglobal.com.tr\/en\/wp-json\/wp\/v2\/pages"}],"about":[{"href":"https:\/\/sayglobal.com.tr\/en\/wp-json\/wp\/v2\/types\/page"}],"author":[{"embeddable":true,"href":"https:\/\/sayglobal.com.tr\/en\/wp-json\/wp\/v2\/users\/1"}],"replies":[{"embeddable":true,"href":"https:\/\/sayglobal.com.tr\/en\/wp-json\/wp\/v2\/comments?post=1779"}],"version-history":[{"count":6,"href":"https:\/\/sayglobal.com.tr\/en\/wp-json\/wp\/v2\/pages\/1779\/revisions"}],"predecessor-version":[{"id":9317,"href":"https:\/\/sayglobal.com.tr\/en\/wp-json\/wp\/v2\/pages\/1779\/revisions\/9317"}],"wp:attachment":[{"href":"https:\/\/sayglobal.com.tr\/en\/wp-json\/wp\/v2\/media?parent=1779"}],"curies":[{"name":"wp","href":"https:\/\/api.w.org\/{rel}","templated":true}]}}