{"id":1282,"date":"2024-02-16T03:39:25","date_gmt":"2024-02-16T03:39:25","guid":{"rendered":"https:\/\/demo.bravisthemes.com\/breeza\/?page_id=1282"},"modified":"2024-11-18T15:46:15","modified_gmt":"2024-11-18T12:46:15","slug":"kalite","status":"publish","type":"page","link":"https:\/\/sayglobal.com.tr\/en\/kalite\/","title":{"rendered":"Quality"},"content":{"rendered":"<div data-elementor-type=\"wp-page\" data-elementor-id=\"1282\" class=\"elementor elementor-1282\" data-elementor-post-type=\"page\">\n\t\t\t\t        <section class=\"elementor-section elementor-top-section elementor-element elementor-element-73bcdb0 elementor-section-stretched pxl-row-divider-active pxl-row-divider-vertical1 elementor-section-boxed elementor-section-height-default elementor-section-height-default pxl-row-scroll-none pxl-bg-color-none pxl-section-overlay-none pxl-column-overflow-hidden-no\" data-id=\"73bcdb0\" data-element_type=\"section\" data-settings=\"{&quot;stretch_section&quot;:&quot;section-stretched&quot;,&quot;background_background&quot;:&quot;classic&quot;}\">\n\n                \n        <div class=\"pxl-divider-vertical\"><div class=\"pxl-section-line1\"><\/div><div class=\"pxl-section-line2\"><\/div><div class=\"pxl-section-line3\"><\/div><\/div><div id=\"pxl-row-particles-69e49b76124b2\" class=\"pxl-row-particles\" data-number=\"8\" data-size=\"6\" data-size-random=\"true\" data-move-direction=\"top-right\" data-color=\"[&quot;#b73490&quot;,&quot;#006b41&quot;,&quot;#cd3000&quot;,&quot;#608ecb&quot;,&quot;#ffb500&quot;,&quot;#6e4e00&quot;,&quot;#6b541b&quot;,&quot;#305686&quot;,&quot;#00ffb4&quot;,&quot;#8798ff&quot;,&quot;#0044c1&quot;]\"><\/div><div class=\"pxl-section-effect-images\"><img decoding=\"async\" data-parallax-value=\"\" data-parallax=\"[]\" class=\"pxl-item--image elementor-repeater-item-94c85fb slide-right-to-left  pxl-hide-sr-md pxl-hide-sr-sm\" src=\"https:\/\/sayglobal.com.tr\/wp-content\/uploads\/2024\/02\/obj4.png\" \/><img decoding=\"async\" data-parallax-value=\"\" data-parallax=\"[]\" class=\"pxl-item--image elementor-repeater-item-cbe8120 slide-left-to-right  pxl-hide-sr-md pxl-hide-sr-sm\" src=\"https:\/\/sayglobal.com.tr\/wp-content\/uploads\/2024\/02\/Obj6.png\" \/><img decoding=\"async\" data-parallax-value=\"\" data-parallax=\"[]\" class=\"pxl-item--image elementor-repeater-item-f2a072d slide-top-to-bottom  pxl-hide-sr-md pxl-hide-sr-sm\" src=\"https:\/\/sayglobal.com.tr\/wp-content\/uploads\/2024\/02\/Obj-1.png\" \/><\/div>        <div class=\"elementor-container elementor-column-gap-extended\">\n                <div class=\"elementor-column elementor-col-100 elementor-top-column elementor-element elementor-element-8ea2abc pxl-column-none pxl-section-offset-none pxl-particle-background-none\" data-id=\"8ea2abc\" data-element_type=\"column\">\r\n        <div class=\"elementor-widget-wrap elementor-element-populated\">\r\n                     \r\n        \t\t<div class=\"elementor-element elementor-element-fa906c1 elementor-widget elementor-widget-pxl_heading\" data-id=\"fa906c1\" data-element_type=\"widget\" data-widget_type=\"pxl_heading.default\">\n\t\t\t\t<div class=\"elementor-widget-container\">\n\t\t\t\n<div id=\"pxl-pxl_heading-fa906c1-5493\" class=\"pxl-heading px-sub-title-default-style\">\n\t<div class=\"pxl-heading--inner\">\n\t\t\n\t\t<h3 class=\"pxl-item--title divider-none\" data-wow-delay=\"ms\">\n\t\t\t\t\tOur Commitment to Uncompromising Quality\t\n\t\t\t\n\t\t<\/h3>\n\n\t<\/div>\n<\/div>\t\t<\/div>\n\t\t\t\t<\/div>\n\t\t\t\t<div class=\"elementor-element elementor-element-69fc81b elementor-widget__width-inherit elementor-widget elementor-widget-pxl_text_editor\" data-id=\"69fc81b\" data-element_type=\"widget\" data-widget_type=\"pxl_text_editor.default\">\n\t\t\t\t<div class=\"elementor-widget-container\">\n\t\t\t<div class=\"pxl-text-editor\">\n\t<div class=\"pxl-item--inner\" data-wow-delay=\"ms\">\n\t\t<p>At Say Global, our primary objective is to achieve a seamless 100% alignment between the quality of our products and shipments and the expectations of our customers, as well as the highest industry standards. To ensure this, we carefully select manufacturing partners who fully comply with rigorous quality standards, collaborating exclusively with those who meet these critical criteria. Each customer order is further safeguarded through internationally accredited third-party quality control firms, providing an additional layer of trust and transparency.<\/p><p>Beyond traditional quality and process controls, we elevate our standards through advanced technology. Accredited Coordinate Measuring Machine (CMM) and 3D scanner reports expedite initial sampling procedures, offering precise and data-backed evaluations. This enables us to swiftly address and fine-tune product specifications from the outset, ensuring each component meets exacting quality requirements before full-scale production.<\/p><p>By partnering with Say Global for your localization needs, you gain access to a robust quality assurance framework that prioritizes your specifications at every stage, from initial sampling to final delivery. Our commitment to excellence and unwavering attention to detail reflect our dedication to delivering high-quality, reliable components that consistently meet, and often exceed, customer expectations.<\/p>\t\t\n\t<\/div>\n<\/div>\t\t<\/div>\n\t\t\t\t<\/div>\n\t\t            <\/div>\r\n        <\/div>\r\n        \t\t\t<\/div>\n\t\t<\/section>\n\t\t        <section class=\"elementor-section elementor-top-section elementor-element elementor-element-25e3838 elementor-section-boxed elementor-section-height-default elementor-section-height-default pxl-row-scroll-none pxl-bg-color-none pxl-section-overlay-none pxl-column-overflow-hidden-no\" data-id=\"25e3838\" data-element_type=\"section\">\n\n                \n                <div class=\"elementor-container elementor-column-gap-default\">\n                <div class=\"elementor-column elementor-col-100 elementor-top-column elementor-element elementor-element-b00e1d5 pxl-column-none pxl-section-offset-none pxl-particle-background-none\" data-id=\"b00e1d5\" data-element_type=\"column\">\r\n        <div class=\"elementor-widget-wrap elementor-element-populated\">\r\n                     \r\n        \t\t<div class=\"elementor-element elementor-element-34eacb7 post-layout-service-1 elementor-widget elementor-widget-pxl_post_carousel\" data-id=\"34eacb7\" data-element_type=\"widget\" data-widget_type=\"pxl_post_carousel.default\">\n\t\t\t\t<div class=\"elementor-widget-container\">\n\t\t\t\n    <div class=\"pxl-swiper-sliders pxl-service-carousel pxl-service-carousel1 pxl-swiper-boxshadow\" data-cursor-drap=\"DRAG\">\n        <div class=\"pxl-carousel-inner\">\n            <div class=\"pxl-swiper-container\" dir=\"ltr\" data-settings=\"{&quot;slide_direction&quot;:&quot;horizontal&quot;,&quot;slide_percolumn&quot;:&quot;1&quot;,&quot;slide_percolumnfill&quot;:&quot;1&quot;,&quot;slide_mode&quot;:&quot;slide&quot;,&quot;slides_to_show&quot;:&quot;4&quot;,&quot;slides_to_show_xxl&quot;:&quot;4&quot;,&quot;slides_to_show_lg&quot;:&quot;4&quot;,&quot;slides_to_show_md&quot;:&quot;3&quot;,&quot;slides_to_show_sm&quot;:&quot;2&quot;,&quot;slides_to_show_xs&quot;:&quot;1&quot;,&quot;slides_to_scroll&quot;:&quot;1&quot;,&quot;slides_gutter&quot;:30,&quot;arrow&quot;:&quot;false&quot;,&quot;pagination&quot;:&quot;false&quot;,&quot;pagination_type&quot;:&quot;bullets&quot;,&quot;autoplay&quot;:&quot;false&quot;,&quot;pause_on_hover&quot;:&quot;true&quot;,&quot;pause_on_interaction&quot;:&quot;true&quot;,&quot;delay&quot;:5000,&quot;loop&quot;:&quot;true&quot;,&quot;speed&quot;:500}\">\n                <div class=\"pxl-swiper-wrapper\">\n                                            <div class=\"pxl-swiper-slide\">\n                            <div class=\"pxl-item--inner\" data-wow-duration=\"1.2s\">\n                                <div class=\"pxl-item--holder\">\n                                                                            <div class=\"pxl-icon\">\n                                            <i class=\"flaticon flaticon-earth-globe\"><\/i>\n                                        <\/div>\n                                                                                                \n                                    <h6 class=\"pxl-item--title\">\n                                        <a href=\"https:\/\/sayglobal.com.tr\/en\/service\/cevre-ve-surdurulebilirlik-odaklilik\/\">Environmental and Sustainability Focus<\/a>\n                                    <\/h6>      \n                                                                    \n                                        <div class=\"pxl-item--excerpt\">\n                                            With our waste management and sustainable production processes, we provide eco-friendly solutions to our business partners.                                        <\/div>      \n                                                                \n                                                                            <a class=\"arrow\" href=\"https:\/\/sayglobal.com.tr\/en\/service\/cevre-ve-surdurulebilirlik-odaklilik\/\">\n                                            <svg xmlns=\"http:\/\/www.w3.org\/2000\/svg\" width=\"32\" height=\"19\" viewbox=\"0 0 32 19\" fill=\"none\">\n                                                <path d=\"M23.0107 18.0412L32 9.02058L23.0107 -3.92935e-07L21.4998 1.5162L27.9099 7.94855L1.55991e-06 7.94855L1.46618e-06 10.0927L27.9097 10.0927L21.4998 16.5249L23.0107 18.0412Z\" fill=\"#2CB770\"\/>\n                                            <\/svg>                          \n                                        <\/a>\n                                                    \n                                <\/div>\n                            <\/div>\n                        <\/div>\n                                            <div class=\"pxl-swiper-slide\">\n                            <div class=\"pxl-item--inner\" data-wow-duration=\"1.2s\">\n                                <div class=\"pxl-item--holder\">\n                                                                            <div class=\"pxl-icon\">\n                                            <i class=\"flaticon flaticon-management\"><\/i>\n                                        <\/div>\n                                                                                                \n                                    <h6 class=\"pxl-item--title\">\n                                        <a href=\"https:\/\/sayglobal.com.tr\/en\/service\/teknolojik-uretim-altyapisi\/\">Technological Production Infrastructure<\/a>\n                                    <\/h6>      \n                                                                    \n                                        <div class=\"pxl-item--excerpt\">\n                                            Innovative and efficient production capabilities with our eccentric, hydraulic, and precision cutting press lines...                                        <\/div>      \n                                                                \n                                                                            <a class=\"arrow\" href=\"https:\/\/sayglobal.com.tr\/en\/service\/teknolojik-uretim-altyapisi\/\">\n                                            <svg xmlns=\"http:\/\/www.w3.org\/2000\/svg\" width=\"32\" height=\"19\" viewbox=\"0 0 32 19\" fill=\"none\">\n                                                <path d=\"M23.0107 18.0412L32 9.02058L23.0107 -3.92935e-07L21.4998 1.5162L27.9099 7.94855L1.55991e-06 7.94855L1.46618e-06 10.0927L27.9097 10.0927L21.4998 16.5249L23.0107 18.0412Z\" fill=\"#2CB770\"\/>\n                                            <\/svg>                          \n                                        <\/a>\n                                                    \n                                <\/div>\n                            <\/div>\n                        <\/div>\n                                            <div class=\"pxl-swiper-slide\">\n                            <div class=\"pxl-item--inner\" data-wow-duration=\"1.2s\">\n                                <div class=\"pxl-item--holder\">\n                                                                            <div class=\"pxl-icon\">\n                                            <i class=\"flaticon flaticon-trend\"><\/i>\n                                        <\/div>\n                                                                                                \n                                    <h6 class=\"pxl-item--title\">\n                                        <a href=\"https:\/\/sayglobal.com.tr\/en\/service\/yuksek-kalite-standartlari\/\">High Quality Standards<\/a>\n                                    <\/h6>      \n                                                                    \n                                        <div class=\"pxl-item--excerpt\">\n                                            By working with the highest quality and precision in every project, we deliver results that exceed your expectations.                                        <\/div>      \n                                                                \n                                                                            <a class=\"arrow\" href=\"https:\/\/sayglobal.com.tr\/en\/service\/yuksek-kalite-standartlari\/\">\n                                            <svg xmlns=\"http:\/\/www.w3.org\/2000\/svg\" width=\"32\" height=\"19\" viewbox=\"0 0 32 19\" fill=\"none\">\n                                                <path d=\"M23.0107 18.0412L32 9.02058L23.0107 -3.92935e-07L21.4998 1.5162L27.9099 7.94855L1.55991e-06 7.94855L1.46618e-06 10.0927L27.9097 10.0927L21.4998 16.5249L23.0107 18.0412Z\" fill=\"#2CB770\"\/>\n                                            <\/svg>                          \n                                        <\/a>\n                                                    \n                                <\/div>\n                            <\/div>\n                        <\/div>\n                                            <div class=\"pxl-swiper-slide\">\n                            <div class=\"pxl-item--inner\" data-wow-duration=\"1.2s\">\n                                <div class=\"pxl-item--holder\">\n                                                                            <div class=\"pxl-icon\">\n                                            <i class=\"flaticon flaticon-user\"><\/i>\n                                        <\/div>\n                                                                                                \n                                    <h6 class=\"pxl-item--title\">\n                                        <a href=\"https:\/\/sayglobal.com.tr\/en\/service\/guclu-tedarik-zinciri-yonetimi\/\">Strong Supply Chain Management<\/a>\n                                    <\/h6>      \n                                                                    \n                                        <div class=\"pxl-item--excerpt\">\n                                            With our pressing capacity ranging from 50 tons to 1000 tons and advanced infrastructure...                                        <\/div>      \n                                                                \n                                                                            <a class=\"arrow\" href=\"https:\/\/sayglobal.com.tr\/en\/service\/guclu-tedarik-zinciri-yonetimi\/\">\n                                            <svg xmlns=\"http:\/\/www.w3.org\/2000\/svg\" width=\"32\" height=\"19\" viewbox=\"0 0 32 19\" fill=\"none\">\n                                                <path d=\"M23.0107 18.0412L32 9.02058L23.0107 -3.92935e-07L21.4998 1.5162L27.9099 7.94855L1.55991e-06 7.94855L1.46618e-06 10.0927L27.9097 10.0927L21.4998 16.5249L23.0107 18.0412Z\" fill=\"#2CB770\"\/>\n                                            <\/svg>                          \n                                        <\/a>\n                                                    \n                                <\/div>\n                            <\/div>\n                        <\/div>\n                                    <\/div> \n            <\/div>\n                                <\/div>\n    <\/div>\n    \t\t<\/div>\n\t\t\t\t<\/div>\n\t\t            <\/div>\r\n        <\/div>\r\n        \t\t\t<\/div>\n\t\t<\/section>\n\t\t\t\t<\/div>","protected":false},"excerpt":{"rendered":"<p>Tavizsiz Kalite Taahh\u00fcd\u00fcm\u00fcz Say Global olarak, \u00fcr\u00fcn ve sfsdaf sadf asdf asdf sadf sadf. safdasdf\u00a0 sevkiyat sadf. safdasdf\u00a0 sevkiyatsadf. safdasdf\u00a0 sevkiyatsadf. safdasdf\u00a0 sevkiyatsadf. safdasdf\u00a0 sevkiyatsadf. safdasdf\u00a0 sevkiyat kalitemizi m\u00fc\u015fteri beklentileri ve en y\u00fcksek sekt\u00f6r standartlar\u0131yla %100 uyumlu hale getirmeyi temel hedef olarak benimsiyoruz. Bu hedef do\u011frultusunda, yaln\u0131zca s\u0131k\u0131 kalite standartlar\u0131na tam uyum sa\u011flayan \u00fcretim ortaklar\u0131 [&hellip;]<\/p>","protected":false},"author":1,"featured_media":0,"parent":0,"menu_order":0,"comment_status":"closed","ping_status":"closed","template":"","meta":{"footnotes":""},"class_list":["post-1282","page","type-page","status-publish","hentry"],"_links":{"self":[{"href":"https:\/\/sayglobal.com.tr\/en\/wp-json\/wp\/v2\/pages\/1282","targetHints":{"allow":["GET"]}}],"collection":[{"href":"https:\/\/sayglobal.com.tr\/en\/wp-json\/wp\/v2\/pages"}],"about":[{"href":"https:\/\/sayglobal.com.tr\/en\/wp-json\/wp\/v2\/types\/page"}],"author":[{"embeddable":true,"href":"https:\/\/sayglobal.com.tr\/en\/wp-json\/wp\/v2\/users\/1"}],"replies":[{"embeddable":true,"href":"https:\/\/sayglobal.com.tr\/en\/wp-json\/wp\/v2\/comments?post=1282"}],"version-history":[{"count":7,"href":"https:\/\/sayglobal.com.tr\/en\/wp-json\/wp\/v2\/pages\/1282\/revisions"}],"predecessor-version":[{"id":9337,"href":"https:\/\/sayglobal.com.tr\/en\/wp-json\/wp\/v2\/pages\/1282\/revisions\/9337"}],"wp:attachment":[{"href":"https:\/\/sayglobal.com.tr\/en\/wp-json\/wp\/v2\/media?parent=1282"}],"curies":[{"name":"wp","href":"https:\/\/api.w.org\/{rel}","templated":true}]}}